{"id":112,"date":"2016-07-08T18:50:09","date_gmt":"2016-07-08T16:50:09","guid":{"rendered":"https:\/\/kml-technika.pl\/de\/?page_id=112"},"modified":"2018-01-05T11:58:31","modified_gmt":"2018-01-05T10:58:31","slug":"firma","status":"publish","type":"page","link":"https:\/\/kml-technika.pl\/de\/firma\/","title":{"rendered":"Firma"},"content":{"rendered":"<p><span style=\"vertical-align: inherit;\"><span style=\"vertical-align: inherit;\">Das KML ist seit einigen Jahren in der Industrie Technologies erfolgreich. <\/span><span style=\"vertical-align: inherit;\">Wir liefern qualitativ hochwertige Dichtungen, Halbfertige technische Kunststoffe und technische Materialien. <\/span><span style=\"vertical-align: inherit;\">Unsere Mitarbeiter unterst\u00fctzen die Umsetzung und Umsetzung neuer Projekte.<\/span><\/span><\/p>\n<p><span style=\"vertical-align: inherit;\"><span style=\"vertical-align: inherit;\">Wir wollen unseren Kunden helfen, vorteilhafte technische und finanzielle L\u00f6sungen zu finden.<\/span><\/span><\/p>\n<p>&nbsp;<\/p>\n<p><span style=\"vertical-align: inherit;\"><span style=\"vertical-align: inherit;\">Wir suchen und liefern auf sterben Marktinstrumente Schwellen Wettbewerbsf\u00e4higkeit verbessern der Unternehmen zu zu und ihre Arbeitsmethoden verbessern schneller und Ausf\u00fchrung von auftragen, um sie Darauf hin.<\/span><\/span><\/p>\n<p>&nbsp;<\/p>\n<p><strong><span style=\"vertical-align: inherit;\"><span style=\"vertical-align: inherit;\">KML l\u00e4st sich in seinen Aktivit\u00e4ten von den folgenden Grunds\u00e4tzen ein:<\/span><\/span><\/strong><\/p>\n<ul>\n<li><span style=\"vertical-align: inherit;\"><span style=\"vertical-align: inherit;\">Wir sind st\u00e4ndig bem\u00fcht, den Service f\u00fcr unsere Kunden zu verbessern<\/span><\/span><\/li>\n<li><span style=\"vertical-align: inherit;\"><span style=\"vertical-align: inherit;\">Wird der Kunde umfassend und komfortables Bett, f\u00fchlt sich wohl<\/span><\/span><\/li>\n<li><span style=\"vertical-align: inherit;\"><span style=\"vertical-align: inherit;\">Wir w\u00e4hlen und bilden unsere Mitarbeiter, so dass ihre F\u00e4higkeiten die Kunden, die h\u00f6chsten erreichen<\/span><\/span><\/li>\n<li><span style=\"vertical-align: inherit;\"><span style=\"vertical-align: inherit;\">Qualit\u00e4t der Komponenten und der Qualit\u00e4t ihrer Dienste<\/span><\/span><\/li>\n<li><span style=\"vertical-align: inherit;\"><span style=\"vertical-align: inherit;\">continuirliche Entwicklung ist der Slogan der uns jeden Tag beginnen<\/span><\/span><\/li>\n<li><span style=\"vertical-align: inherit;\"><span style=\"vertical-align: inherit;\">Qualit\u00e4tsanalyse von jeder Phase der Produktion ist die Standard<\/span><\/span><\/li>\n<\/ul>\n<p>&nbsp;<\/p>\n<h1><span style=\"vertical-align: inherit;\"><span style=\"vertical-align: inherit;\">Moderne Kunststoffbearbeitung von KML Civil Partnership &#8211; Kunststoffverpackungen, Kunststoffteile, Flachdichtung Gummi, Flanschdichtung &amp; mehr<\/span><\/span><\/h1>\n<p><span style=\"vertical-align: inherit;\"><span style=\"vertical-align: inherit;\">Die Firma KML Civic Partnership ist seit mehreren Jahren in der <\/span><\/span><a href=\"https:\/\/kml-technika.pl\/de\/kunststoffbearbeitung-kunststoffteile\/\"><span style=\"vertical-align: inherit;\"><span style=\"vertical-align: inherit;\">Kunststoffbearbeitung<\/span><\/span><\/a><span style=\"vertical-align: inherit;\"><span style=\"vertical-align: inherit;\"> t\u00e4tig. <\/span><span style=\"vertical-align: inherit;\">Sie ist in Polen, im Ort Radomysl Wielki, ans\u00e4ssig. <\/span><span style=\"vertical-align: inherit;\">Mittlerweile KML hat sich EINEN guten Ruf als von Zuverl\u00e4ssiger Lieferant qualitativ hochwertigen Scheiben und Dichtungen (Flachdichtung aus Gummi, Flanschdichtung) erworben. <\/span><span style=\"vertical-align: inherit;\">Kunststoffteile und technische Halbfabrikate aus Kunststoff zum Versandumfang. <\/span><span style=\"vertical-align: inherit;\">Genauso zum Leistungssortiment Geh\u00f6rt sterben Kunststoffbearbeitung , erfolgt Durch und August Kunststoff Fr\u00e4sen Sowie weitere Zerspanungstechniken Durch Thermoformen. <\/span><span style=\"vertical-align: inherit;\">Eine weitere Dienstleistung von KML ist die Projektarbeit &#8222;Kunststoffteile&#8221;.<\/span><\/span><\/p>\n<h2><span style=\"vertical-align: inherit;\"><span style=\"vertical-align: inherit;\">Firmenphilosophie und Arbeitsprinzipien des Unternehmens KML<\/span><\/span><\/h2>\n<p><span style=\"vertical-align: inherit;\"><span style=\"vertical-align: inherit;\">Qualifizierten hoch die Mitarbeiter Firma FINDEN KML der, zusammen mit Empfehlung: Ihren Kunden, sterben Stets vorteilhaftesten technologischen finanziellen und L\u00f6sungen. <\/span><span style=\"vertical-align: inherit;\">KML ist St\u00e4ndig bestrebt, seine Wettbewerbsf\u00e4higkeit zu Unternehmen Gegen\u00fcber other steigern. <\/span><span style=\"vertical-align: inherit;\">Das Zeigt sich vor Allem in den verbesserten Arbeitsmethoden und der Ausf\u00fchrung von den Kundenauftr\u00e4gen. <\/span><span style=\"vertical-align: inherit;\">Die Philosophie der Firma KML L\u00e4sst sich f\u00f8lgende Grundsatz in zusammenfassen Die Mitarbeiter tun alles, um zu den Kundenservice verbessern, ein denn nur gut bedienter Kunde is also zufrieden. <\/span><span style=\"vertical-align: inherit;\">Um of this Arbeitsprinzip abzusichern, erweitern erfolgt Ausbildung der Mitarbeiter und sterben so that August bef\u00e4higt Sind, sterben-DM Kunden der Kunststoffbearbeitung H\u00f6chste Qualit\u00e4t und der Kunststoffteile zu Bieten.<\/span><\/span><\/p>\n<h2><span style=\"vertical-align: inherit;\"><span style=\"vertical-align: inherit;\">Kunststoffbearbeitung durch Zerspanungstechniken und Thermoformen<\/span><\/span><\/h2>\n<p><span style=\"vertical-align: inherit;\"><span style=\"vertical-align: inherit;\">Die Kunststoffbearbeitung wird auch als ein KML zur Verf\u00fcgung stehendem Material vorgenom men. <\/span><span style=\"vertical-align: inherit;\">Zum Arbeitsalltag im KML geh\u00f6rt Kunststoff fr\u00e4sen und drehen genauso wie schneiden. <\/span><span style=\"vertical-align: inherit;\">Dabei Wird im Unternehmen Sowohl die professionelle KML CNC Drehen und Kunststoff Fr\u00e4sen Als Auch die Konventionelle Drehen und Kunststoff Fr\u00e4sen ausgef\u00fchrt, ganz DM pr\u00e4zises Kundenwunsch entsprechend. <\/span><span style=\"vertical-align: inherit;\">Die Flanschdichtung als Fl\u00e4chendichtung wird aus Gummi gegossen.<\/span><\/span><\/p>\n<h2><span style=\"vertical-align: inherit;\"><span style=\"vertical-align: inherit;\">Kunststoff ist ist Kunststoffbearbeitung im Kundenauftrag<\/span><\/span><\/h2>\n<p><span style=\"vertical-align: inherit;\"><span style=\"vertical-align: inherit;\">Die KML-Firma fr\u00e4st im Auftrag ihre Kunden Kunststoffteile aus ihren eigenen Materialien oder verwendet die im Betrieb vorhandenen Ressourcen. <\/span><span style=\"vertical-align: inherit;\">BESONDERS beim Fr\u00e4sen von Kunststoff mit Unterst\u00fctzung CNC Fr\u00e4svorgang Durcheinander des von den mitarbeitern richtig prepared Werden, DAMIT Kundschaft zufrieden mit DM Plan Ergebnis ist sterben. <\/span><span style=\"vertical-align: inherit;\">Dokumentationen sterben die f\u00fcr Kunststoff Fr\u00e4sen sollte in following seine Dateiformate abgefasst: * .dwg-, .dxf- * * * .cdr PDF in .A. <\/span><span style=\"vertical-align: inherit;\">KML fertigt Kunststoffbearbeitung Kunststoffteile in der von mit Au\u00dfenma\u00dfen 1500 x 2500, Einlassgr\u00e4ben Kanal Vertiefungen, Gewinde und Zahnr\u00e4der. <\/span><span style=\"vertical-align: inherit;\">Fr\u00e4sen GEH\u00d6RT zum Kunststoff und Auch horizontales Vertikales fr\u00e4sen Sowie das von fr\u00e4sen krummlinigen Oberfl\u00e4chen, Halbmessern oder Ebenen.<\/span><\/span><\/p>\n<h2><span style=\"vertical-align: inherit;\"><span style=\"vertical-align: inherit;\">Weitere verwendete Techniken zur Bearbeitung der verschiedenen Kunststoffteile<\/span><\/span><\/h2>\n<p><span style=\"vertical-align: inherit;\"><span style=\"vertical-align: inherit;\">Als Schneidetechnik wird CNC-Wasserstrahlschneiden auch das Laserschneiden aktiviert. <\/span><span style=\"vertical-align: inherit;\">KML stellt \u00fcber jahrlange Erfahrung im Rahmen von Dichtungen, Sowohl im Maschinenbau als auch Laserstanzen. <\/span><span style=\"vertical-align: inherit;\">Die Thermoplastische Kunststoffbearbeitung erfolgt Durch Formung nach Erw\u00e4rmung, Kunststoffteile Werden sterben in beliebig Winkel abgekantet oder gebogen. <\/span><span style=\"vertical-align: inherit;\">Kunststoff-Tiefziehen Das ist eine der verformung Kunststoffteile und Erw\u00e4rmung unter Au\u00dfendruck, w\u00e4hrend Flanschdichtung Flachdichtung als aus Gummi produziert Wird Durch Dichtungsstanzen sterben.<\/span><\/span><\/p>\n<h2><span style=\"vertical-align: inherit;\"><span style=\"vertical-align: inherit;\">Flanschdichtung als Flachdichtung aus Gummi<\/span><\/span><\/h2>\n<p><span style=\"vertical-align: inherit;\"><span style=\"vertical-align: inherit;\">Das Unternehmen KML produziert Kunststoffteil- f\u00fcr alle Dichtungen und Scheiben &#8211; verschiedene Materialien. <\/span><span style=\"vertical-align: inherit;\">Zum Abdichten, Entdr\u00f6hnen Dammen und Werden Trennscheibe ua sterben, sterben Flanschdichtungund Flachdichtung aus Gummihergestellt sterben. <\/span><span style=\"vertical-align: inherit;\">Dabei werden unterschiedliche Arten von Gummi verwendet. <\/span><span style=\"vertical-align: inherit;\">Je nach Eigenschaft, Sind sie \u00f6lbest\u00e4ndig NBR, SBR-Allzweck, s\u00e4urebest\u00e4ndig-CR, EPDM, lebensmittel FDA silikonvertr\u00e4glich, Poros, Moosgummi, Mikrogummi, Schnur, VITON &#8211; FKM oder Neopren. <\/span><span style=\"vertical-align: inherit;\">Die Flanschdichtungals Flachdichtung Gummiist \u200b\u200bweit aus und Wurde oft verbreitet genutzt, Sowohl f\u00fcr Flansch Schraubenl\u00f6chern Mythos, der Mythos Nut und Feder Als Auch mit Vor- und R\u00fccksprung. <\/span><span style=\"vertical-align: inherit;\">Die aus Flachdichtung Gummials Flanschdichtungist flexibel und Kann mit Kalt und Warm Wasser \u00d6l, Benzin und Sauren in Kontakt kommen.<\/span><\/span><\/p>\n","protected":false},"excerpt":{"rendered":"<p>Das KML ist seit einigen Jahren in der Industrie Technologies erfolgreich. Wir liefern qualitativ hochwertige Dichtungen, Halbfertige technische Kunststoffe und technische Materialien. Unsere Mitarbeiter unterst\u00fctzen die [&hellip;]<\/p>\n","protected":false},"author":1,"featured_media":0,"parent":0,"menu_order":0,"comment_status":"closed","ping_status":"closed","template":"","meta":{"footnotes":""},"class_list":["post-112","page","type-page","status-publish","hentry"],"yoast_head":"<!-- This site is optimized with the Yoast SEO plugin v27.5 - https:\/\/yoast.com\/product\/yoast-seo-wordpress\/ -->\n<title>| Unternehmen - Firma - | KML DE<\/title>\n<meta name=\"description\" content=\"KML Technik | Wir liefern qualitativ hochwertige Dichtungen, Halbfertige technische Kunststoffe und technische Materialien.\" \/>\n<meta name=\"robots\" content=\"index, follow, max-snippet:-1, max-image-preview:large, max-video-preview:-1\" \/>\n<link rel=\"canonical\" href=\"https:\/\/kml-technika.pl\/de\/firma\/\" \/>\n<meta property=\"og:locale\" content=\"pl_PL\" \/>\n<meta property=\"og:type\" content=\"article\" \/>\n<meta property=\"og:title\" content=\"| Unternehmen - Firma - | KML DE\" \/>\n<meta property=\"og:description\" content=\"KML Technik | Wir liefern qualitativ hochwertige Dichtungen, Halbfertige technische Kunststoffe und technische Materialien.\" \/>\n<meta property=\"og:url\" content=\"https:\/\/kml-technika.pl\/de\/firma\/\" \/>\n<meta property=\"og:site_name\" content=\"KML DE\" \/>\n<meta property=\"article:modified_time\" content=\"2018-01-05T10:58:31+00:00\" \/>\n<meta name=\"twitter:card\" content=\"summary_large_image\" \/>\n<meta name=\"twitter:label1\" content=\"Szacowany czas czytania\" \/>\n\t<meta name=\"twitter:data1\" content=\"4 minuty\" \/>\n<script type=\"application\/ld+json\" class=\"yoast-schema-graph\">{\"@context\":\"https:\\\/\\\/schema.org\",\"@graph\":[{\"@type\":\"WebPage\",\"@id\":\"https:\\\/\\\/kml-technika.pl\\\/de\\\/firma\\\/\",\"url\":\"https:\\\/\\\/kml-technika.pl\\\/de\\\/firma\\\/\",\"name\":\"| Unternehmen - Firma - | KML DE\",\"isPartOf\":{\"@id\":\"https:\\\/\\\/kml-technika.pl\\\/de\\\/#website\"},\"datePublished\":\"2016-07-08T16:50:09+00:00\",\"dateModified\":\"2018-01-05T10:58:31+00:00\",\"description\":\"KML Technik | Wir liefern qualitativ hochwertige Dichtungen, Halbfertige technische Kunststoffe und technische Materialien.\",\"breadcrumb\":{\"@id\":\"https:\\\/\\\/kml-technika.pl\\\/de\\\/firma\\\/#breadcrumb\"},\"inLanguage\":\"pl-PL\",\"potentialAction\":[{\"@type\":\"ReadAction\",\"target\":[\"https:\\\/\\\/kml-technika.pl\\\/de\\\/firma\\\/\"]}]},{\"@type\":\"BreadcrumbList\",\"@id\":\"https:\\\/\\\/kml-technika.pl\\\/de\\\/firma\\\/#breadcrumb\",\"itemListElement\":[{\"@type\":\"ListItem\",\"position\":1,\"name\":\"Strona g\u0142\u00f3wna\",\"item\":\"https:\\\/\\\/kml-technika.pl\\\/de\\\/\"},{\"@type\":\"ListItem\",\"position\":2,\"name\":\"Firma\"}]},{\"@type\":\"WebSite\",\"@id\":\"https:\\\/\\\/kml-technika.pl\\\/de\\\/#website\",\"url\":\"https:\\\/\\\/kml-technika.pl\\\/de\\\/\",\"name\":\"KML DE\",\"description\":\"Lieferant von Moderner Kunststoffbearbeitung - Kunststoff fr\u00e4sen, Kunststoffteile, Flachdichtung Gummi, Flanschdichtung &amp; mehr\",\"potentialAction\":[{\"@type\":\"SearchAction\",\"target\":{\"@type\":\"EntryPoint\",\"urlTemplate\":\"https:\\\/\\\/kml-technika.pl\\\/de\\\/?s={search_term_string}\"},\"query-input\":{\"@type\":\"PropertyValueSpecification\",\"valueRequired\":true,\"valueName\":\"search_term_string\"}}],\"inLanguage\":\"pl-PL\"}]}<\/script>\n<!-- \/ Yoast SEO plugin. -->","yoast_head_json":{"title":"| Unternehmen - Firma - | KML DE","description":"KML Technik | Wir liefern qualitativ hochwertige Dichtungen, Halbfertige technische Kunststoffe und technische Materialien.","robots":{"index":"index","follow":"follow","max-snippet":"max-snippet:-1","max-image-preview":"max-image-preview:large","max-video-preview":"max-video-preview:-1"},"canonical":"https:\/\/kml-technika.pl\/de\/firma\/","og_locale":"pl_PL","og_type":"article","og_title":"| Unternehmen - Firma - | KML DE","og_description":"KML Technik | Wir liefern qualitativ hochwertige Dichtungen, Halbfertige technische Kunststoffe und technische Materialien.","og_url":"https:\/\/kml-technika.pl\/de\/firma\/","og_site_name":"KML DE","article_modified_time":"2018-01-05T10:58:31+00:00","twitter_card":"summary_large_image","twitter_misc":{"Szacowany czas czytania":"4 minuty"},"schema":{"@context":"https:\/\/schema.org","@graph":[{"@type":"WebPage","@id":"https:\/\/kml-technika.pl\/de\/firma\/","url":"https:\/\/kml-technika.pl\/de\/firma\/","name":"| Unternehmen - Firma - | KML DE","isPartOf":{"@id":"https:\/\/kml-technika.pl\/de\/#website"},"datePublished":"2016-07-08T16:50:09+00:00","dateModified":"2018-01-05T10:58:31+00:00","description":"KML Technik | Wir liefern qualitativ hochwertige Dichtungen, Halbfertige technische Kunststoffe und technische Materialien.","breadcrumb":{"@id":"https:\/\/kml-technika.pl\/de\/firma\/#breadcrumb"},"inLanguage":"pl-PL","potentialAction":[{"@type":"ReadAction","target":["https:\/\/kml-technika.pl\/de\/firma\/"]}]},{"@type":"BreadcrumbList","@id":"https:\/\/kml-technika.pl\/de\/firma\/#breadcrumb","itemListElement":[{"@type":"ListItem","position":1,"name":"Strona g\u0142\u00f3wna","item":"https:\/\/kml-technika.pl\/de\/"},{"@type":"ListItem","position":2,"name":"Firma"}]},{"@type":"WebSite","@id":"https:\/\/kml-technika.pl\/de\/#website","url":"https:\/\/kml-technika.pl\/de\/","name":"KML DE","description":"Lieferant von Moderner Kunststoffbearbeitung - Kunststoff fr\u00e4sen, Kunststoffteile, Flachdichtung Gummi, Flanschdichtung &amp; mehr","potentialAction":[{"@type":"SearchAction","target":{"@type":"EntryPoint","urlTemplate":"https:\/\/kml-technika.pl\/de\/?s={search_term_string}"},"query-input":{"@type":"PropertyValueSpecification","valueRequired":true,"valueName":"search_term_string"}}],"inLanguage":"pl-PL"}]}},"_links":{"self":[{"href":"https:\/\/kml-technika.pl\/de\/wp-json\/wp\/v2\/pages\/112","targetHints":{"allow":["GET"]}}],"collection":[{"href":"https:\/\/kml-technika.pl\/de\/wp-json\/wp\/v2\/pages"}],"about":[{"href":"https:\/\/kml-technika.pl\/de\/wp-json\/wp\/v2\/types\/page"}],"author":[{"embeddable":true,"href":"https:\/\/kml-technika.pl\/de\/wp-json\/wp\/v2\/users\/1"}],"replies":[{"embeddable":true,"href":"https:\/\/kml-technika.pl\/de\/wp-json\/wp\/v2\/comments?post=112"}],"version-history":[{"count":12,"href":"https:\/\/kml-technika.pl\/de\/wp-json\/wp\/v2\/pages\/112\/revisions"}],"predecessor-version":[{"id":555,"href":"https:\/\/kml-technika.pl\/de\/wp-json\/wp\/v2\/pages\/112\/revisions\/555"}],"wp:attachment":[{"href":"https:\/\/kml-technika.pl\/de\/wp-json\/wp\/v2\/media?parent=112"}],"curies":[{"name":"wp","href":"https:\/\/api.w.org\/{rel}","templated":true}]}}