{"id":357,"date":"2016-07-21T14:20:39","date_gmt":"2016-07-21T12:20:39","guid":{"rendered":"https:\/\/kml-technika.pl\/de\/?page_id=357"},"modified":"2016-11-09T14:15:57","modified_gmt":"2016-11-09T13:15:57","slug":"kunststoff-tiefziehen","status":"publish","type":"page","link":"https:\/\/kml-technika.pl\/de\/die-verarbeitung-von-kunststoffen\/kunststoff-tiefziehen\/","title":{"rendered":"Kunststoff-tiefziehen | Das Thermoformen"},"content":{"rendered":"<h1>Kunststoff-tiefziehen<\/h1>\n<h3>Das Thermoformen<\/h3>\n<p>beruht auf der gleichm\u00e4\u00dfigen Erw\u00e4rmung der Platte oder Folie (\u00fcber Erweichungspunkt RuK \u2013 formlose Kunststoffe oder Schmelzpunkt der Kristallite\u00a0\u2013 teilweise Kristallkunststoffe) aus dem im Spannrahmen befestigten Kunststoffs und deren Verformung unter dem Einfluss vom Au\u00dfendruck, indem die Form abgebildet wird.<\/p>\n<h4>Vorteile des Thermoformens:<\/h4>\n<p>&#8211; m\u00f6gliche Fertigung von Waren mit einer sehr kleinen Wanddicke und erheblichen Au\u00dfenma\u00dfen,<br \/>\n&#8211; niedrige Formkosten,<br \/>\n&#8211; m\u00f6gliche Anwendung von mehrfach verwendbaren Formen, indem die Produktivit\u00e4t vergr\u00f6\u00dfert wird,<br \/>\n&#8211; freie Wahl des Rohmaterials zum Formen.<\/p>\n<h4><img loading=\"lazy\" decoding=\"async\" class=\"alignnone wp-image-456 size-full\" src=\"https:\/\/kml-technika.pl\/de\/wp-content\/uploads\/sites\/4\/2016\/07\/Thermoforming-1.gif\" alt=\"kunststoff-tiefziehen\" width=\"1007\" height=\"350\" \/>Nachteile des Thermoformens:<\/h4>\n<p>&#8211; hohe Rohmaterialkosten \u2013Preise f\u00fcr die Platten und Folien sind ca. 100% h\u00f6her als Preise f\u00fcr das Granulat.<br \/>\n&#8211; Entstehung von erheblichen Abprodukten beim Agraten, die in dieser Technologie nicht direkt anzuwenden sind,<br \/>\n&#8211; Unregelm\u00e4\u00dfigkeiten in der Wanddicke der Ware \u2013 Verd\u00fcnnung in den Ecken,<br \/>\n&#8211; die Ausf\u00fchrung von \u00d6ffnungen und Gewinden in einer Operation ist nicht m\u00f6glich,<br \/>\n&#8211; Notwendigkeit der Fertigbearbeitung (R\u00e4nder abschneiden, \u00d6ffnungen bohren, usw.).<\/p>\n<p>Schicken Sie uns bitte Ihre <a href=\"http:\/\/kml-technik.de\/kontakt-und-hilfe\/\">Angebotsanfragen<\/a>! Unser technisches Fachpersonal steht Ihnen gerne zur Verf\u00fcgung. Viele Kunden aus ganz Europa haben uns bereits vertraut.<\/p>\n","protected":false},"excerpt":{"rendered":"<p>Kunststoff-tiefziehen Das Thermoformen beruht auf der gleichm\u00e4\u00dfigen Erw\u00e4rmung der Platte oder Folie (\u00fcber Erweichungspunkt RuK \u2013 formlose Kunststoffe oder Schmelzpunkt der Kristallite\u00a0\u2013 teilweise Kristallkunststoffe) aus dem [&hellip;]<\/p>\n","protected":false},"author":1,"featured_media":0,"parent":138,"menu_order":0,"comment_status":"closed","ping_status":"closed","template":"","meta":{"footnotes":""},"class_list":["post-357","page","type-page","status-publish","hentry"],"yoast_head":"<!-- This site is optimized with the Yoast SEO plugin v27.5 - https:\/\/yoast.com\/product\/yoast-seo-wordpress\/ -->\n<title>Kunststoff-tiefziehen | Das Thermoformen - KML DE<\/title>\n<meta name=\"robots\" content=\"index, follow, max-snippet:-1, max-image-preview:large, max-video-preview:-1\" \/>\n<link rel=\"canonical\" href=\"https:\/\/kml-technika.pl\/de\/die-verarbeitung-von-kunststoffen\/kunststoff-tiefziehen\/\" \/>\n<meta property=\"og:locale\" content=\"pl_PL\" \/>\n<meta property=\"og:type\" content=\"article\" \/>\n<meta property=\"og:title\" content=\"Kunststoff-tiefziehen | Das Thermoformen - KML DE\" \/>\n<meta property=\"og:description\" content=\"Kunststoff-tiefziehen Das Thermoformen beruht auf der gleichm\u00e4\u00dfigen Erw\u00e4rmung der Platte oder Folie (\u00fcber Erweichungspunkt RuK \u2013 formlose Kunststoffe oder Schmelzpunkt der Kristallite\u00a0\u2013 teilweise Kristallkunststoffe) aus dem [&hellip;]\" \/>\n<meta property=\"og:url\" content=\"https:\/\/kml-technika.pl\/de\/die-verarbeitung-von-kunststoffen\/kunststoff-tiefziehen\/\" \/>\n<meta property=\"og:site_name\" content=\"KML DE\" \/>\n<meta property=\"article:modified_time\" content=\"2016-11-09T13:15:57+00:00\" \/>\n<meta property=\"og:image\" content=\"https:\/\/kml-technika.pl\/de\/wp-content\/uploads\/sites\/4\/2016\/07\/Thermoforming-1.gif\" \/>\n<meta name=\"twitter:card\" content=\"summary_large_image\" \/>\n<meta name=\"twitter:label1\" content=\"Szacowany czas czytania\" \/>\n\t<meta name=\"twitter:data1\" content=\"1 minuta\" \/>\n<script type=\"application\/ld+json\" class=\"yoast-schema-graph\">{\"@context\":\"https:\\\/\\\/schema.org\",\"@graph\":[{\"@type\":\"WebPage\",\"@id\":\"https:\\\/\\\/kml-technika.pl\\\/de\\\/die-verarbeitung-von-kunststoffen\\\/kunststoff-tiefziehen\\\/\",\"url\":\"https:\\\/\\\/kml-technika.pl\\\/de\\\/die-verarbeitung-von-kunststoffen\\\/kunststoff-tiefziehen\\\/\",\"name\":\"Kunststoff-tiefziehen | Das Thermoformen - KML DE\",\"isPartOf\":{\"@id\":\"https:\\\/\\\/kml-technika.pl\\\/de\\\/#website\"},\"primaryImageOfPage\":{\"@id\":\"https:\\\/\\\/kml-technika.pl\\\/de\\\/die-verarbeitung-von-kunststoffen\\\/kunststoff-tiefziehen\\\/#primaryimage\"},\"image\":{\"@id\":\"https:\\\/\\\/kml-technika.pl\\\/de\\\/die-verarbeitung-von-kunststoffen\\\/kunststoff-tiefziehen\\\/#primaryimage\"},\"thumbnailUrl\":\"https:\\\/\\\/kml-technika.pl\\\/de\\\/wp-content\\\/uploads\\\/sites\\\/4\\\/2016\\\/07\\\/Thermoforming-1.gif\",\"datePublished\":\"2016-07-21T12:20:39+00:00\",\"dateModified\":\"2016-11-09T13:15:57+00:00\",\"breadcrumb\":{\"@id\":\"https:\\\/\\\/kml-technika.pl\\\/de\\\/die-verarbeitung-von-kunststoffen\\\/kunststoff-tiefziehen\\\/#breadcrumb\"},\"inLanguage\":\"pl-PL\",\"potentialAction\":[{\"@type\":\"ReadAction\",\"target\":[\"https:\\\/\\\/kml-technika.pl\\\/de\\\/die-verarbeitung-von-kunststoffen\\\/kunststoff-tiefziehen\\\/\"]}]},{\"@type\":\"ImageObject\",\"inLanguage\":\"pl-PL\",\"@id\":\"https:\\\/\\\/kml-technika.pl\\\/de\\\/die-verarbeitung-von-kunststoffen\\\/kunststoff-tiefziehen\\\/#primaryimage\",\"url\":\"https:\\\/\\\/kml-technika.pl\\\/de\\\/wp-content\\\/uploads\\\/sites\\\/4\\\/2016\\\/07\\\/Thermoforming-1.gif\",\"contentUrl\":\"https:\\\/\\\/kml-technika.pl\\\/de\\\/wp-content\\\/uploads\\\/sites\\\/4\\\/2016\\\/07\\\/Thermoforming-1.gif\"},{\"@type\":\"BreadcrumbList\",\"@id\":\"https:\\\/\\\/kml-technika.pl\\\/de\\\/die-verarbeitung-von-kunststoffen\\\/kunststoff-tiefziehen\\\/#breadcrumb\",\"itemListElement\":[{\"@type\":\"ListItem\",\"position\":1,\"name\":\"Strona g\u0142\u00f3wna\",\"item\":\"https:\\\/\\\/kml-technika.pl\\\/de\\\/\"},{\"@type\":\"ListItem\",\"position\":2,\"name\":\"Die Verarbeitung von Kunststoffen\",\"item\":\"https:\\\/\\\/kml-technika.pl\\\/de\\\/die-verarbeitung-von-kunststoffen\\\/\"},{\"@type\":\"ListItem\",\"position\":3,\"name\":\"Kunststoff-tiefziehen | Das Thermoformen\"}]},{\"@type\":\"WebSite\",\"@id\":\"https:\\\/\\\/kml-technika.pl\\\/de\\\/#website\",\"url\":\"https:\\\/\\\/kml-technika.pl\\\/de\\\/\",\"name\":\"KML DE\",\"description\":\"Lieferant von Moderner Kunststoffbearbeitung - Kunststoff fr\u00e4sen, Kunststoffteile, Flachdichtung Gummi, Flanschdichtung &amp; mehr\",\"potentialAction\":[{\"@type\":\"SearchAction\",\"target\":{\"@type\":\"EntryPoint\",\"urlTemplate\":\"https:\\\/\\\/kml-technika.pl\\\/de\\\/?s={search_term_string}\"},\"query-input\":{\"@type\":\"PropertyValueSpecification\",\"valueRequired\":true,\"valueName\":\"search_term_string\"}}],\"inLanguage\":\"pl-PL\"}]}<\/script>\n<!-- \/ Yoast SEO plugin. -->","yoast_head_json":{"title":"Kunststoff-tiefziehen | Das Thermoformen - KML DE","robots":{"index":"index","follow":"follow","max-snippet":"max-snippet:-1","max-image-preview":"max-image-preview:large","max-video-preview":"max-video-preview:-1"},"canonical":"https:\/\/kml-technika.pl\/de\/die-verarbeitung-von-kunststoffen\/kunststoff-tiefziehen\/","og_locale":"pl_PL","og_type":"article","og_title":"Kunststoff-tiefziehen | Das Thermoformen - KML DE","og_description":"Kunststoff-tiefziehen Das Thermoformen beruht auf der gleichm\u00e4\u00dfigen Erw\u00e4rmung der Platte oder Folie (\u00fcber Erweichungspunkt RuK \u2013 formlose Kunststoffe oder Schmelzpunkt der Kristallite\u00a0\u2013 teilweise Kristallkunststoffe) aus dem [&hellip;]","og_url":"https:\/\/kml-technika.pl\/de\/die-verarbeitung-von-kunststoffen\/kunststoff-tiefziehen\/","og_site_name":"KML DE","article_modified_time":"2016-11-09T13:15:57+00:00","og_image":[{"url":"https:\/\/kml-technika.pl\/de\/wp-content\/uploads\/sites\/4\/2016\/07\/Thermoforming-1.gif","type":"","width":"","height":""}],"twitter_card":"summary_large_image","twitter_misc":{"Szacowany czas czytania":"1 minuta"},"schema":{"@context":"https:\/\/schema.org","@graph":[{"@type":"WebPage","@id":"https:\/\/kml-technika.pl\/de\/die-verarbeitung-von-kunststoffen\/kunststoff-tiefziehen\/","url":"https:\/\/kml-technika.pl\/de\/die-verarbeitung-von-kunststoffen\/kunststoff-tiefziehen\/","name":"Kunststoff-tiefziehen | Das Thermoformen - KML DE","isPartOf":{"@id":"https:\/\/kml-technika.pl\/de\/#website"},"primaryImageOfPage":{"@id":"https:\/\/kml-technika.pl\/de\/die-verarbeitung-von-kunststoffen\/kunststoff-tiefziehen\/#primaryimage"},"image":{"@id":"https:\/\/kml-technika.pl\/de\/die-verarbeitung-von-kunststoffen\/kunststoff-tiefziehen\/#primaryimage"},"thumbnailUrl":"https:\/\/kml-technika.pl\/de\/wp-content\/uploads\/sites\/4\/2016\/07\/Thermoforming-1.gif","datePublished":"2016-07-21T12:20:39+00:00","dateModified":"2016-11-09T13:15:57+00:00","breadcrumb":{"@id":"https:\/\/kml-technika.pl\/de\/die-verarbeitung-von-kunststoffen\/kunststoff-tiefziehen\/#breadcrumb"},"inLanguage":"pl-PL","potentialAction":[{"@type":"ReadAction","target":["https:\/\/kml-technika.pl\/de\/die-verarbeitung-von-kunststoffen\/kunststoff-tiefziehen\/"]}]},{"@type":"ImageObject","inLanguage":"pl-PL","@id":"https:\/\/kml-technika.pl\/de\/die-verarbeitung-von-kunststoffen\/kunststoff-tiefziehen\/#primaryimage","url":"https:\/\/kml-technika.pl\/de\/wp-content\/uploads\/sites\/4\/2016\/07\/Thermoforming-1.gif","contentUrl":"https:\/\/kml-technika.pl\/de\/wp-content\/uploads\/sites\/4\/2016\/07\/Thermoforming-1.gif"},{"@type":"BreadcrumbList","@id":"https:\/\/kml-technika.pl\/de\/die-verarbeitung-von-kunststoffen\/kunststoff-tiefziehen\/#breadcrumb","itemListElement":[{"@type":"ListItem","position":1,"name":"Strona g\u0142\u00f3wna","item":"https:\/\/kml-technika.pl\/de\/"},{"@type":"ListItem","position":2,"name":"Die Verarbeitung von Kunststoffen","item":"https:\/\/kml-technika.pl\/de\/die-verarbeitung-von-kunststoffen\/"},{"@type":"ListItem","position":3,"name":"Kunststoff-tiefziehen | Das Thermoformen"}]},{"@type":"WebSite","@id":"https:\/\/kml-technika.pl\/de\/#website","url":"https:\/\/kml-technika.pl\/de\/","name":"KML DE","description":"Lieferant von Moderner Kunststoffbearbeitung - Kunststoff fr\u00e4sen, Kunststoffteile, Flachdichtung Gummi, Flanschdichtung &amp; mehr","potentialAction":[{"@type":"SearchAction","target":{"@type":"EntryPoint","urlTemplate":"https:\/\/kml-technika.pl\/de\/?s={search_term_string}"},"query-input":{"@type":"PropertyValueSpecification","valueRequired":true,"valueName":"search_term_string"}}],"inLanguage":"pl-PL"}]}},"_links":{"self":[{"href":"https:\/\/kml-technika.pl\/de\/wp-json\/wp\/v2\/pages\/357","targetHints":{"allow":["GET"]}}],"collection":[{"href":"https:\/\/kml-technika.pl\/de\/wp-json\/wp\/v2\/pages"}],"about":[{"href":"https:\/\/kml-technika.pl\/de\/wp-json\/wp\/v2\/types\/page"}],"author":[{"embeddable":true,"href":"https:\/\/kml-technika.pl\/de\/wp-json\/wp\/v2\/users\/1"}],"replies":[{"embeddable":true,"href":"https:\/\/kml-technika.pl\/de\/wp-json\/wp\/v2\/comments?post=357"}],"version-history":[{"count":9,"href":"https:\/\/kml-technika.pl\/de\/wp-json\/wp\/v2\/pages\/357\/revisions"}],"predecessor-version":[{"id":504,"href":"https:\/\/kml-technika.pl\/de\/wp-json\/wp\/v2\/pages\/357\/revisions\/504"}],"up":[{"embeddable":true,"href":"https:\/\/kml-technika.pl\/de\/wp-json\/wp\/v2\/pages\/138"}],"wp:attachment":[{"href":"https:\/\/kml-technika.pl\/de\/wp-json\/wp\/v2\/media?parent=357"}],"curies":[{"name":"wp","href":"https:\/\/api.w.org\/{rel}","templated":true}]}}