{"id":429,"date":"2016-07-25T12:09:55","date_gmt":"2016-07-25T10:09:55","guid":{"rendered":"https:\/\/kml-technika.pl\/de\/?page_id=429"},"modified":"2016-11-09T13:52:58","modified_gmt":"2016-11-09T12:52:58","slug":"plastikscheiben","status":"publish","type":"page","link":"https:\/\/kml-technika.pl\/de\/herstellung-von-scheiben-und-dichtungen\/plastikscheiben\/","title":{"rendered":"Plastikscheiben | Kunststoffscheiben"},"content":{"rendered":"<h2>Plastikscheiben | Kunststoffscheiben<\/h2>\n<h4>KML Unternehmen ist ein Hersteller von Plastikscheiben (Kunststoffscheiben). Es besteht die M\u00f6glichkeit der Scheiben in der folgenden Es besteht die M\u00f6glichkeit die Scheiben in der folgenden Tabelle oder mit\u00a0Tabelle oder mit irgendwelchen Kundenspezifikationen entsprechend zu bestellen. Pads k\u00f6nnen aus vorgenommen werden:<\/h4>\n<p><strong>Kunststoff-Materialien:<img loading=\"lazy\" decoding=\"async\" class=\"alignright wp-image-460 size-medium\" src=\"https:\/\/kml-technika.pl\/de\/wp-content\/uploads\/sites\/4\/2016\/07\/plastic-washers1-300x257.jpg\" alt=\"Plastikscheiben | Kunststoffscheiben\" width=\"300\" height=\"257\" srcset=\"https:\/\/www.kml-technik.de\/wp-content\/uploads\/sites\/4\/2016\/07\/plastic-washers1-300x257.jpg 300w, https:\/\/www.kml-technik.de\/wp-content\/uploads\/sites\/4\/2016\/07\/plastic-washers1-768x659.jpg 768w, https:\/\/www.kml-technik.de\/wp-content\/uploads\/sites\/4\/2016\/07\/plastic-washers1.jpg 1024w, https:\/\/www.kml-technik.de\/wp-content\/uploads\/sites\/4\/2016\/07\/plastic-washers1-170x146.jpg 170w, https:\/\/www.kml-technik.de\/wp-content\/uploads\/sites\/4\/2016\/07\/plastic-washers1-50x43.jpg 50w, https:\/\/www.kml-technik.de\/wp-content\/uploads\/sites\/4\/2016\/07\/plastic-washers1-87x75.jpg 87w\" sizes=\"auto, (max-width: 300px) 100vw, 300px\" \/><\/strong><\/p>\n<ul>\n<li>PA6,<\/li>\n<li>POM,<\/li>\n<li>Polycarbonat PC,<\/li>\n<li>Plexiglas PMMA,<\/li>\n<li>Teflon PTFE,<\/li>\n<li>Polypropylen PP,<\/li>\n<li>Polyethylen PE<\/li>\n<\/ul>\n<p><strong>Soft:<\/strong><\/p>\n<ul>\n<li>PE-Schaum<\/li>\n<li>Foam EVA<\/li>\n<li>Mikro-Gummi<\/li>\n<li>Gummi por\u00f6s<\/li>\n<li>Silikonschaum<\/li>\n<li><strong>jede andere Art von Material auf dem Markt<\/strong><\/li>\n<\/ul>\n<h2>Plastikscheiben | Kunststoffscheiben<\/h2>\n<p><img loading=\"lazy\" decoding=\"async\" class=\"alignnone wp-image-459 size-full\" src=\"https:\/\/kml-technika.pl\/de\/wp-content\/uploads\/sites\/4\/2016\/07\/podkladki.jpg\" alt=\"podkladki\" width=\"557\" height=\"360\" srcset=\"https:\/\/www.kml-technik.de\/wp-content\/uploads\/sites\/4\/2016\/07\/podkladki.jpg 557w, https:\/\/www.kml-technik.de\/wp-content\/uploads\/sites\/4\/2016\/07\/podkladki-300x194.jpg 300w, https:\/\/www.kml-technik.de\/wp-content\/uploads\/sites\/4\/2016\/07\/podkladki-226x146.jpg 226w, https:\/\/www.kml-technik.de\/wp-content\/uploads\/sites\/4\/2016\/07\/podkladki-50x32.jpg 50w, https:\/\/www.kml-technik.de\/wp-content\/uploads\/sites\/4\/2016\/07\/podkladki-116x75.jpg 116w\" sizes=\"auto, (max-width: 557px) 100vw, 557px\" \/><\/p>\n<p>Preise und Termine sind individuell einstellbar. Fertigstellungstermin ist in der Regel 1-10 Tage und ist abh\u00e4ngig von der aktuellen Kapazit\u00e4t und der Verf\u00fcgbarkeit des Materials.<\/p>\n","protected":false},"excerpt":{"rendered":"<p>Plastikscheiben | Kunststoffscheiben KML Unternehmen ist ein Hersteller von Plastikscheiben (Kunststoffscheiben). Es besteht die M\u00f6glichkeit der Scheiben in der folgenden Es besteht die M\u00f6glichkeit die Scheiben [&hellip;]<\/p>\n","protected":false},"author":1,"featured_media":0,"parent":133,"menu_order":0,"comment_status":"closed","ping_status":"closed","template":"","meta":{"footnotes":""},"class_list":["post-429","page","type-page","status-publish","hentry"],"yoast_head":"<!-- This site is optimized with the Yoast SEO plugin v27.5 - https:\/\/yoast.com\/product\/yoast-seo-wordpress\/ -->\n<title>Plastikscheiben | Kunststoffscheiben<\/title>\n<meta name=\"robots\" content=\"index, follow, max-snippet:-1, max-image-preview:large, max-video-preview:-1\" \/>\n<link rel=\"canonical\" href=\"https:\/\/kml-technika.pl\/de\/herstellung-von-scheiben-und-dichtungen\/plastikscheiben\/\" \/>\n<meta property=\"og:locale\" content=\"pl_PL\" \/>\n<meta property=\"og:type\" content=\"article\" \/>\n<meta property=\"og:title\" content=\"Plastikscheiben | Kunststoffscheiben\" \/>\n<meta property=\"og:description\" content=\"Plastikscheiben | Kunststoffscheiben KML Unternehmen ist ein Hersteller von Plastikscheiben (Kunststoffscheiben). Es besteht die M\u00f6glichkeit der Scheiben in der folgenden Es besteht die M\u00f6glichkeit die Scheiben [&hellip;]\" \/>\n<meta property=\"og:url\" content=\"https:\/\/kml-technika.pl\/de\/herstellung-von-scheiben-und-dichtungen\/plastikscheiben\/\" \/>\n<meta property=\"og:site_name\" content=\"KML DE\" \/>\n<meta property=\"article:modified_time\" content=\"2016-11-09T12:52:58+00:00\" \/>\n<meta property=\"og:image\" content=\"https:\/\/kml-technika.pl\/de\/wp-content\/uploads\/sites\/4\/2016\/07\/plastic-washers1-300x257.jpg\" \/>\n<meta name=\"twitter:card\" content=\"summary_large_image\" \/>\n<meta name=\"twitter:label1\" content=\"Szacowany czas czytania\" \/>\n\t<meta name=\"twitter:data1\" content=\"1 minuta\" \/>\n<script type=\"application\/ld+json\" class=\"yoast-schema-graph\">{\"@context\":\"https:\\\/\\\/schema.org\",\"@graph\":[{\"@type\":\"WebPage\",\"@id\":\"https:\\\/\\\/kml-technika.pl\\\/de\\\/herstellung-von-scheiben-und-dichtungen\\\/plastikscheiben\\\/\",\"url\":\"https:\\\/\\\/kml-technika.pl\\\/de\\\/herstellung-von-scheiben-und-dichtungen\\\/plastikscheiben\\\/\",\"name\":\"Plastikscheiben | Kunststoffscheiben\",\"isPartOf\":{\"@id\":\"https:\\\/\\\/kml-technika.pl\\\/de\\\/#website\"},\"primaryImageOfPage\":{\"@id\":\"https:\\\/\\\/kml-technika.pl\\\/de\\\/herstellung-von-scheiben-und-dichtungen\\\/plastikscheiben\\\/#primaryimage\"},\"image\":{\"@id\":\"https:\\\/\\\/kml-technika.pl\\\/de\\\/herstellung-von-scheiben-und-dichtungen\\\/plastikscheiben\\\/#primaryimage\"},\"thumbnailUrl\":\"https:\\\/\\\/kml-technika.pl\\\/de\\\/wp-content\\\/uploads\\\/sites\\\/4\\\/2016\\\/07\\\/plastic-washers1-300x257.jpg\",\"datePublished\":\"2016-07-25T10:09:55+00:00\",\"dateModified\":\"2016-11-09T12:52:58+00:00\",\"breadcrumb\":{\"@id\":\"https:\\\/\\\/kml-technika.pl\\\/de\\\/herstellung-von-scheiben-und-dichtungen\\\/plastikscheiben\\\/#breadcrumb\"},\"inLanguage\":\"pl-PL\",\"potentialAction\":[{\"@type\":\"ReadAction\",\"target\":[\"https:\\\/\\\/kml-technika.pl\\\/de\\\/herstellung-von-scheiben-und-dichtungen\\\/plastikscheiben\\\/\"]}]},{\"@type\":\"ImageObject\",\"inLanguage\":\"pl-PL\",\"@id\":\"https:\\\/\\\/kml-technika.pl\\\/de\\\/herstellung-von-scheiben-und-dichtungen\\\/plastikscheiben\\\/#primaryimage\",\"url\":\"https:\\\/\\\/kml-technika.pl\\\/de\\\/wp-content\\\/uploads\\\/sites\\\/4\\\/2016\\\/07\\\/plastic-washers1-300x257.jpg\",\"contentUrl\":\"https:\\\/\\\/kml-technika.pl\\\/de\\\/wp-content\\\/uploads\\\/sites\\\/4\\\/2016\\\/07\\\/plastic-washers1-300x257.jpg\"},{\"@type\":\"BreadcrumbList\",\"@id\":\"https:\\\/\\\/kml-technika.pl\\\/de\\\/herstellung-von-scheiben-und-dichtungen\\\/plastikscheiben\\\/#breadcrumb\",\"itemListElement\":[{\"@type\":\"ListItem\",\"position\":1,\"name\":\"Strona g\u0142\u00f3wna\",\"item\":\"https:\\\/\\\/kml-technika.pl\\\/de\\\/\"},{\"@type\":\"ListItem\",\"position\":2,\"name\":\"Herstellung von Scheiben und Dichtungen\",\"item\":\"https:\\\/\\\/kml-technika.pl\\\/de\\\/herstellung-von-scheiben-und-dichtungen\\\/\"},{\"@type\":\"ListItem\",\"position\":3,\"name\":\"Plastikscheiben | Kunststoffscheiben\"}]},{\"@type\":\"WebSite\",\"@id\":\"https:\\\/\\\/kml-technika.pl\\\/de\\\/#website\",\"url\":\"https:\\\/\\\/kml-technika.pl\\\/de\\\/\",\"name\":\"KML DE\",\"description\":\"Lieferant von Moderner Kunststoffbearbeitung - Kunststoff fr\u00e4sen, Kunststoffteile, Flachdichtung Gummi, Flanschdichtung &amp; mehr\",\"potentialAction\":[{\"@type\":\"SearchAction\",\"target\":{\"@type\":\"EntryPoint\",\"urlTemplate\":\"https:\\\/\\\/kml-technika.pl\\\/de\\\/?s={search_term_string}\"},\"query-input\":{\"@type\":\"PropertyValueSpecification\",\"valueRequired\":true,\"valueName\":\"search_term_string\"}}],\"inLanguage\":\"pl-PL\"}]}<\/script>\n<!-- \/ Yoast SEO plugin. -->","yoast_head_json":{"title":"Plastikscheiben | Kunststoffscheiben","robots":{"index":"index","follow":"follow","max-snippet":"max-snippet:-1","max-image-preview":"max-image-preview:large","max-video-preview":"max-video-preview:-1"},"canonical":"https:\/\/kml-technika.pl\/de\/herstellung-von-scheiben-und-dichtungen\/plastikscheiben\/","og_locale":"pl_PL","og_type":"article","og_title":"Plastikscheiben | Kunststoffscheiben","og_description":"Plastikscheiben | Kunststoffscheiben KML Unternehmen ist ein Hersteller von Plastikscheiben (Kunststoffscheiben). Es besteht die M\u00f6glichkeit der Scheiben in der folgenden Es besteht die M\u00f6glichkeit die Scheiben [&hellip;]","og_url":"https:\/\/kml-technika.pl\/de\/herstellung-von-scheiben-und-dichtungen\/plastikscheiben\/","og_site_name":"KML DE","article_modified_time":"2016-11-09T12:52:58+00:00","og_image":[{"url":"https:\/\/kml-technika.pl\/de\/wp-content\/uploads\/sites\/4\/2016\/07\/plastic-washers1-300x257.jpg","type":"","width":"","height":""}],"twitter_card":"summary_large_image","twitter_misc":{"Szacowany czas czytania":"1 minuta"},"schema":{"@context":"https:\/\/schema.org","@graph":[{"@type":"WebPage","@id":"https:\/\/kml-technika.pl\/de\/herstellung-von-scheiben-und-dichtungen\/plastikscheiben\/","url":"https:\/\/kml-technika.pl\/de\/herstellung-von-scheiben-und-dichtungen\/plastikscheiben\/","name":"Plastikscheiben | Kunststoffscheiben","isPartOf":{"@id":"https:\/\/kml-technika.pl\/de\/#website"},"primaryImageOfPage":{"@id":"https:\/\/kml-technika.pl\/de\/herstellung-von-scheiben-und-dichtungen\/plastikscheiben\/#primaryimage"},"image":{"@id":"https:\/\/kml-technika.pl\/de\/herstellung-von-scheiben-und-dichtungen\/plastikscheiben\/#primaryimage"},"thumbnailUrl":"https:\/\/kml-technika.pl\/de\/wp-content\/uploads\/sites\/4\/2016\/07\/plastic-washers1-300x257.jpg","datePublished":"2016-07-25T10:09:55+00:00","dateModified":"2016-11-09T12:52:58+00:00","breadcrumb":{"@id":"https:\/\/kml-technika.pl\/de\/herstellung-von-scheiben-und-dichtungen\/plastikscheiben\/#breadcrumb"},"inLanguage":"pl-PL","potentialAction":[{"@type":"ReadAction","target":["https:\/\/kml-technika.pl\/de\/herstellung-von-scheiben-und-dichtungen\/plastikscheiben\/"]}]},{"@type":"ImageObject","inLanguage":"pl-PL","@id":"https:\/\/kml-technika.pl\/de\/herstellung-von-scheiben-und-dichtungen\/plastikscheiben\/#primaryimage","url":"https:\/\/kml-technika.pl\/de\/wp-content\/uploads\/sites\/4\/2016\/07\/plastic-washers1-300x257.jpg","contentUrl":"https:\/\/kml-technika.pl\/de\/wp-content\/uploads\/sites\/4\/2016\/07\/plastic-washers1-300x257.jpg"},{"@type":"BreadcrumbList","@id":"https:\/\/kml-technika.pl\/de\/herstellung-von-scheiben-und-dichtungen\/plastikscheiben\/#breadcrumb","itemListElement":[{"@type":"ListItem","position":1,"name":"Strona g\u0142\u00f3wna","item":"https:\/\/kml-technika.pl\/de\/"},{"@type":"ListItem","position":2,"name":"Herstellung von Scheiben und Dichtungen","item":"https:\/\/kml-technika.pl\/de\/herstellung-von-scheiben-und-dichtungen\/"},{"@type":"ListItem","position":3,"name":"Plastikscheiben | Kunststoffscheiben"}]},{"@type":"WebSite","@id":"https:\/\/kml-technika.pl\/de\/#website","url":"https:\/\/kml-technika.pl\/de\/","name":"KML DE","description":"Lieferant von Moderner Kunststoffbearbeitung - Kunststoff fr\u00e4sen, Kunststoffteile, Flachdichtung Gummi, Flanschdichtung &amp; mehr","potentialAction":[{"@type":"SearchAction","target":{"@type":"EntryPoint","urlTemplate":"https:\/\/kml-technika.pl\/de\/?s={search_term_string}"},"query-input":{"@type":"PropertyValueSpecification","valueRequired":true,"valueName":"search_term_string"}}],"inLanguage":"pl-PL"}]}},"_links":{"self":[{"href":"https:\/\/kml-technika.pl\/de\/wp-json\/wp\/v2\/pages\/429","targetHints":{"allow":["GET"]}}],"collection":[{"href":"https:\/\/kml-technika.pl\/de\/wp-json\/wp\/v2\/pages"}],"about":[{"href":"https:\/\/kml-technika.pl\/de\/wp-json\/wp\/v2\/types\/page"}],"author":[{"embeddable":true,"href":"https:\/\/kml-technika.pl\/de\/wp-json\/wp\/v2\/users\/1"}],"replies":[{"embeddable":true,"href":"https:\/\/kml-technika.pl\/de\/wp-json\/wp\/v2\/comments?post=429"}],"version-history":[{"count":9,"href":"https:\/\/kml-technika.pl\/de\/wp-json\/wp\/v2\/pages\/429\/revisions"}],"predecessor-version":[{"id":496,"href":"https:\/\/kml-technika.pl\/de\/wp-json\/wp\/v2\/pages\/429\/revisions\/496"}],"up":[{"embeddable":true,"href":"https:\/\/kml-technika.pl\/de\/wp-json\/wp\/v2\/pages\/133"}],"wp:attachment":[{"href":"https:\/\/kml-technika.pl\/de\/wp-json\/wp\/v2\/media?parent=429"}],"curies":[{"name":"wp","href":"https:\/\/api.w.org\/{rel}","templated":true}]}}